{"id":71,"date":"2021-06-01T17:56:41","date_gmt":"2021-06-01T15:56:41","guid":{"rendered":"https:\/\/sunnu-loft.ritler.ch\/?page_id=71"},"modified":"2022-02-06T14:26:08","modified_gmt":"2022-02-06T13:26:08","slug":"kaffemaschine","status":"publish","type":"page","link":"https:\/\/sunnu-loft.ch\/fr\/kaffemaschine\/","title":{"rendered":"Machine \u00e0 caf\u00e9"},"content":{"rendered":"<p>Vous pouvez pr\u00e9parer la boisson noire magique avec des capsules Nespresso (compatibles) que vous apportez vous-m\u00eame.<\/p>","protected":false},"excerpt":{"rendered":"<p>Pour les capsules Nespresso (compatibles).<\/p>","protected":false},"author":1,"featured_media":97,"parent":0,"menu_order":4,"comment_status":"closed","ping_status":"closed","template":"page-templates\/template-services.php","meta":{"footnotes":""},"class_list":["post-71","page","type-page","status-publish","has-post-thumbnail","hentry","pt-post-wrap"],"_links":{"self":[{"href":"https:\/\/sunnu-loft.ch\/fr\/wp-json\/wp\/v2\/pages\/71","targetHints":{"allow":["GET"]}}],"collection":[{"href":"https:\/\/sunnu-loft.ch\/fr\/wp-json\/wp\/v2\/pages"}],"about":[{"href":"https:\/\/sunnu-loft.ch\/fr\/wp-json\/wp\/v2\/types\/page"}],"author":[{"embeddable":true,"href":"https:\/\/sunnu-loft.ch\/fr\/wp-json\/wp\/v2\/users\/1"}],"replies":[{"embeddable":true,"href":"https:\/\/sunnu-loft.ch\/fr\/wp-json\/wp\/v2\/comments?post=71"}],"version-history":[{"count":3,"href":"https:\/\/sunnu-loft.ch\/fr\/wp-json\/wp\/v2\/pages\/71\/revisions"}],"predecessor-version":[{"id":166,"href":"https:\/\/sunnu-loft.ch\/fr\/wp-json\/wp\/v2\/pages\/71\/revisions\/166"}],"wp:featuredmedia":[{"embeddable":true,"href":"https:\/\/sunnu-loft.ch\/fr\/wp-json\/wp\/v2\/media\/97"}],"wp:attachment":[{"href":"https:\/\/sunnu-loft.ch\/fr\/wp-json\/wp\/v2\/media?parent=71"}],"curies":[{"name":"wp","href":"https:\/\/api.w.org\/{rel}","templated":true}]}}