{"id":597,"date":"2022-03-27T11:50:51","date_gmt":"2022-03-27T09:50:51","guid":{"rendered":"https:\/\/sunnu-loft.ch\/?page_id=597"},"modified":"2022-03-27T11:55:31","modified_gmt":"2022-03-27T09:55:31","slug":"mikrowelle","status":"publish","type":"page","link":"https:\/\/sunnu-loft.ch\/fr\/mikrowelle\/","title":{"rendered":"Micro-onde"},"content":{"rendered":"<p>Avec le popcorn au micro-ondes, plus rien ne s'oppose \u00e0 une soir\u00e9e cin\u00e9ma Netflix.<\/p>","protected":false},"excerpt":{"rendered":"<p>Avec le popcorn au micro-ondes, plus rien ne s'oppose \u00e0 une soir\u00e9e cin\u00e9ma Netflix.<\/p>","protected":false},"author":1,"featured_media":598,"parent":0,"menu_order":5,"comment_status":"closed","ping_status":"closed","template":"page-templates\/template-services.php","meta":{"footnotes":""},"class_list":["post-597","page","type-page","status-publish","has-post-thumbnail","hentry","pt-post-wrap"],"_links":{"self":[{"href":"https:\/\/sunnu-loft.ch\/fr\/wp-json\/wp\/v2\/pages\/597","targetHints":{"allow":["GET"]}}],"collection":[{"href":"https:\/\/sunnu-loft.ch\/fr\/wp-json\/wp\/v2\/pages"}],"about":[{"href":"https:\/\/sunnu-loft.ch\/fr\/wp-json\/wp\/v2\/types\/page"}],"author":[{"embeddable":true,"href":"https:\/\/sunnu-loft.ch\/fr\/wp-json\/wp\/v2\/users\/1"}],"replies":[{"embeddable":true,"href":"https:\/\/sunnu-loft.ch\/fr\/wp-json\/wp\/v2\/comments?post=597"}],"version-history":[{"count":1,"href":"https:\/\/sunnu-loft.ch\/fr\/wp-json\/wp\/v2\/pages\/597\/revisions"}],"predecessor-version":[{"id":599,"href":"https:\/\/sunnu-loft.ch\/fr\/wp-json\/wp\/v2\/pages\/597\/revisions\/599"}],"wp:featuredmedia":[{"embeddable":true,"href":"https:\/\/sunnu-loft.ch\/fr\/wp-json\/wp\/v2\/media\/598"}],"wp:attachment":[{"href":"https:\/\/sunnu-loft.ch\/fr\/wp-json\/wp\/v2\/media?parent=597"}],"curies":[{"name":"wp","href":"https:\/\/api.w.org\/{rel}","templated":true}]}}