{"id":579,"date":"2022-02-22T07:28:31","date_gmt":"2022-02-22T06:28:31","guid":{"rendered":"https:\/\/sunnu-loft.ch\/?page_id=579"},"modified":"2026-04-06T14:40:34","modified_gmt":"2026-04-06T12:40:34","slug":"tdsr3k8t6ipejgc","status":"publish","type":"page","link":"https:\/\/sunnu-loft.ch\/fr\/tdsr3k8t6ipejgc\/","title":{"rendered":"Cartes d'h\u00f4tes"},"content":{"rendered":"<p>Vielen Dank f\u00fcr die Registrierung, hier sind Ihre G\u00e4stekarten als PDF:<\/p>\n<p><a href=\"https:\/\/sunnu-loft.ch\/wp-content\/uploads\/2026\/04\/Sunnu-Loft.pdf.pdf\">Sunnu-Loft.pdf<\/a><\/p>\n<p>Wir w\u00fcnschen Ihnen einen angenehmen Aufenthalt. Bitte beachten sie die <a href=\"https:\/\/sunnu-loft.ch\/fr\/checkin-checkout\/\">Checkin-Zeit<\/a> von 15.00-19.00 Uhr.<\/p>\n<p>PS : Vous n'\u00eates pas oblig\u00e9 d'imprimer les cartes, il suffit de pr\u00e9senter le code QR (par exemple en enregistrant le PDF sur votre appareil mobile).<\/p>","protected":false},"excerpt":{"rendered":"<p>Vielen Dank f\u00fcr die Registrierung, hier sind Ihre G\u00e4stekarten als PDF: Sunnu-Loft.pdf Wir w\u00fcnschen Ihnen einen angenehmen Aufenthalt. Bitte beachten sie die Checkin-Zeit von 15.00-19.00 Uhr. PS: Sie m\u00fcssen die Karten nicht zwingend ausdrucken, es reicht, wenn Sie den QR-Code vorweisen k\u00f6nnen (wenn Sie bspw. das PDF auf Ihrem Mobilger\u00e4t speichern).<\/p>","protected":false},"author":1,"featured_media":818,"parent":0,"menu_order":0,"comment_status":"closed","ping_status":"closed","template":"","meta":{"footnotes":""},"class_list":["post-579","page","type-page","status-publish","has-post-thumbnail","hentry","pt-post-wrap"],"_links":{"self":[{"href":"https:\/\/sunnu-loft.ch\/fr\/wp-json\/wp\/v2\/pages\/579","targetHints":{"allow":["GET"]}}],"collection":[{"href":"https:\/\/sunnu-loft.ch\/fr\/wp-json\/wp\/v2\/pages"}],"about":[{"href":"https:\/\/sunnu-loft.ch\/fr\/wp-json\/wp\/v2\/types\/page"}],"author":[{"embeddable":true,"href":"https:\/\/sunnu-loft.ch\/fr\/wp-json\/wp\/v2\/users\/1"}],"replies":[{"embeddable":true,"href":"https:\/\/sunnu-loft.ch\/fr\/wp-json\/wp\/v2\/comments?post=579"}],"version-history":[{"count":17,"href":"https:\/\/sunnu-loft.ch\/fr\/wp-json\/wp\/v2\/pages\/579\/revisions"}],"predecessor-version":[{"id":1056,"href":"https:\/\/sunnu-loft.ch\/fr\/wp-json\/wp\/v2\/pages\/579\/revisions\/1056"}],"wp:featuredmedia":[{"embeddable":true,"href":"https:\/\/sunnu-loft.ch\/fr\/wp-json\/wp\/v2\/media\/818"}],"wp:attachment":[{"href":"https:\/\/sunnu-loft.ch\/fr\/wp-json\/wp\/v2\/media?parent=579"}],"curies":[{"name":"wp","href":"https:\/\/api.w.org\/{rel}","templated":true}]}}