{"id":513,"date":"2021-11-27T17:44:23","date_gmt":"2021-11-27T16:44:23","guid":{"rendered":"https:\/\/sunnu-loft.ch\/?page_id=513"},"modified":"2022-02-06T14:26:26","modified_gmt":"2022-02-06T13:26:26","slug":"tv-netflix-disney","status":"publish","type":"page","link":"https:\/\/sunnu-loft.ch\/fr\/tv-netflix-disney\/","title":{"rendered":"TV (Netflix, Disney+)"},"content":{"rendered":"<p>Le t\u00e9l\u00e9viseur 32\u2033 Full-HD permet d'acc\u00e9der \u00e0 la t\u00e9l\u00e9vision par c\u00e2ble, \u00e0 Netflix et \u00e0 Disney+ via AppleTV.<\/p>","protected":false},"excerpt":{"rendered":"<p>La t\u00e9l\u00e9vision Full-HD permet d'acc\u00e9der \u00e0 la t\u00e9l\u00e9vision par c\u00e2ble, \u00e0 Netflix et \u00e0 Disney+ via AppleTV.<\/p>","protected":false},"author":1,"featured_media":515,"parent":0,"menu_order":1,"comment_status":"closed","ping_status":"closed","template":"page-templates\/template-services.php","meta":{"footnotes":""},"class_list":["post-513","page","type-page","status-publish","has-post-thumbnail","hentry","pt-post-wrap"],"_links":{"self":[{"href":"https:\/\/sunnu-loft.ch\/fr\/wp-json\/wp\/v2\/pages\/513","targetHints":{"allow":["GET"]}}],"collection":[{"href":"https:\/\/sunnu-loft.ch\/fr\/wp-json\/wp\/v2\/pages"}],"about":[{"href":"https:\/\/sunnu-loft.ch\/fr\/wp-json\/wp\/v2\/types\/page"}],"author":[{"embeddable":true,"href":"https:\/\/sunnu-loft.ch\/fr\/wp-json\/wp\/v2\/users\/1"}],"replies":[{"embeddable":true,"href":"https:\/\/sunnu-loft.ch\/fr\/wp-json\/wp\/v2\/comments?post=513"}],"version-history":[{"count":2,"href":"https:\/\/sunnu-loft.ch\/fr\/wp-json\/wp\/v2\/pages\/513\/revisions"}],"predecessor-version":[{"id":516,"href":"https:\/\/sunnu-loft.ch\/fr\/wp-json\/wp\/v2\/pages\/513\/revisions\/516"}],"wp:featuredmedia":[{"embeddable":true,"href":"https:\/\/sunnu-loft.ch\/fr\/wp-json\/wp\/v2\/media\/515"}],"wp:attachment":[{"href":"https:\/\/sunnu-loft.ch\/fr\/wp-json\/wp\/v2\/media?parent=513"}],"curies":[{"name":"wp","href":"https:\/\/api.w.org\/{rel}","templated":true}]}}