{"id":257,"date":"2021-06-23T19:55:44","date_gmt":"2021-06-23T17:55:44","guid":{"rendered":"https:\/\/sunnu-loft.ritler.ch\/?page_id=257"},"modified":"2022-12-28T09:06:39","modified_gmt":"2022-12-28T08:06:39","slug":"waschmaschine","status":"publish","type":"page","link":"https:\/\/sunnu-loft.ch\/fr\/waschmaschine\/","title":{"rendered":"Machine \u00e0 laver"},"content":{"rendered":"<p>La machine \u00e0 laver propre est situ\u00e9e \u00e0 c\u00f4t\u00e9 de la cave dans la buanderie commune. Le linge peut \u00e9galement y \u00eatre suspendu pour s\u00e9cher.<\/p>","protected":false},"excerpt":{"rendered":"<p>Au sous-sol<\/p>","protected":false},"author":1,"featured_media":297,"parent":0,"menu_order":7,"comment_status":"closed","ping_status":"closed","template":"page-templates\/template-services.php","meta":{"footnotes":""},"class_list":["post-257","page","type-page","status-publish","has-post-thumbnail","hentry","pt-post-wrap"],"_links":{"self":[{"href":"https:\/\/sunnu-loft.ch\/fr\/wp-json\/wp\/v2\/pages\/257","targetHints":{"allow":["GET"]}}],"collection":[{"href":"https:\/\/sunnu-loft.ch\/fr\/wp-json\/wp\/v2\/pages"}],"about":[{"href":"https:\/\/sunnu-loft.ch\/fr\/wp-json\/wp\/v2\/types\/page"}],"author":[{"embeddable":true,"href":"https:\/\/sunnu-loft.ch\/fr\/wp-json\/wp\/v2\/users\/1"}],"replies":[{"embeddable":true,"href":"https:\/\/sunnu-loft.ch\/fr\/wp-json\/wp\/v2\/comments?post=257"}],"version-history":[{"count":3,"href":"https:\/\/sunnu-loft.ch\/fr\/wp-json\/wp\/v2\/pages\/257\/revisions"}],"predecessor-version":[{"id":298,"href":"https:\/\/sunnu-loft.ch\/fr\/wp-json\/wp\/v2\/pages\/257\/revisions\/298"}],"wp:featuredmedia":[{"embeddable":true,"href":"https:\/\/sunnu-loft.ch\/fr\/wp-json\/wp\/v2\/media\/297"}],"wp:attachment":[{"href":"https:\/\/sunnu-loft.ch\/fr\/wp-json\/wp\/v2\/media?parent=257"}],"curies":[{"name":"wp","href":"https:\/\/api.w.org\/{rel}","templated":true}]}}