{"id":212,"date":"2021-06-05T16:39:48","date_gmt":"2021-06-05T14:39:48","guid":{"rendered":"https:\/\/sunnu-loft.ritler.ch\/?page_id=212"},"modified":"2021-08-04T09:29:07","modified_gmt":"2021-08-04T07:29:07","slug":"separee","status":"publish","type":"page","link":"https:\/\/sunnu-loft.ch\/fr\/separee\/","title":{"rendered":"Chambre \u00e0 coucher"},"content":{"rendered":"<p>Dans la chambre, il y a deux lits s\u00e9par\u00e9s et une armoire. La vue sur les montagnes est magnifique.<\/p>\n<p>Le linge de lit est inclus dans le prix.<\/p>","protected":false},"excerpt":{"rendered":"<p>Dans la chambre, il y a deux lits s\u00e9par\u00e9s et une armoire. La vue sur les montagnes est magnifique. Le linge de lit est inclus dans le prix.<\/p>","protected":false},"author":1,"featured_media":213,"parent":0,"menu_order":3,"comment_status":"closed","ping_status":"closed","template":"page-templates\/template-rooms.php","meta":{"footnotes":""},"class_list":["post-212","page","type-page","status-publish","has-post-thumbnail","hentry","pt-post-wrap"],"_links":{"self":[{"href":"https:\/\/sunnu-loft.ch\/fr\/wp-json\/wp\/v2\/pages\/212","targetHints":{"allow":["GET"]}}],"collection":[{"href":"https:\/\/sunnu-loft.ch\/fr\/wp-json\/wp\/v2\/pages"}],"about":[{"href":"https:\/\/sunnu-loft.ch\/fr\/wp-json\/wp\/v2\/types\/page"}],"author":[{"embeddable":true,"href":"https:\/\/sunnu-loft.ch\/fr\/wp-json\/wp\/v2\/users\/1"}],"replies":[{"embeddable":true,"href":"https:\/\/sunnu-loft.ch\/fr\/wp-json\/wp\/v2\/comments?post=212"}],"version-history":[{"count":4,"href":"https:\/\/sunnu-loft.ch\/fr\/wp-json\/wp\/v2\/pages\/212\/revisions"}],"predecessor-version":[{"id":445,"href":"https:\/\/sunnu-loft.ch\/fr\/wp-json\/wp\/v2\/pages\/212\/revisions\/445"}],"wp:featuredmedia":[{"embeddable":true,"href":"https:\/\/sunnu-loft.ch\/fr\/wp-json\/wp\/v2\/media\/213"}],"wp:attachment":[{"href":"https:\/\/sunnu-loft.ch\/fr\/wp-json\/wp\/v2\/media?parent=212"}],"curies":[{"name":"wp","href":"https:\/\/api.w.org\/{rel}","templated":true}]}}